{"id":10,"date":"2022-09-04T14:55:04","date_gmt":"2022-09-04T12:55:04","guid":{"rendered":"https:\/\/electricien-nancy.fr\/?page_id=10"},"modified":"2022-09-04T15:14:44","modified_gmt":"2022-09-04T13:14:44","slug":"accueil","status":"publish","type":"page","link":"https:\/\/electricien-nancy.fr\/","title":{"rendered":"Accueil"},"content":{"rendered":"<p>[et_pb_section fb_built=&#8221;1&#8243; next_background_color=&#8221;#5fbbeb&#8221; admin_label=&#8221;section&#8221; _builder_version=&#8221;3.29.3&#8243; background_color=&#8221;#FFFFFF&#8221; bottom_divider_style=&#8221;mountains&#8221; fb_built=&#8221;1&#8243; _i=&#8221;0&#8243; _address=&#8221;0&#8243;][et_pb_row admin_label=&#8221;row&#8221; _builder_version=&#8221;3.29.3&#8243; background_size=&#8221;initial&#8221; background_position=&#8221;top_left&#8221; background_repeat=&#8221;repeat&#8221; module_alignment=&#8221;center&#8221; custom_padding=&#8221;4px||80px|||&#8221; _i=&#8221;0&#8243; _address=&#8221;0.0&#8243;][et_pb_column type=&#8221;4_4&#8243; _builder_version=&#8221;3.25&#8243; custom_padding=&#8221;|||&#8221; _i=&#8221;0&#8243; _address=&#8221;0.0.0&#8243; custom_padding__hover=&#8221;|||&#8221;][et_pb_image src=&#8221;http:\/\/electricien-nancy.fr\/wp-content\/uploads\/2022\/09\/electrique-services-electricien-nancy-logo.png&#8221; align=&#8221;center&#8221; _builder_version=&#8221;3.29.3&#8243; custom_margin=&#8221;-1px|||||&#8221; _i=&#8221;0&#8243; _address=&#8221;0.0.0.0&#8243;][\/et_pb_image][et_pb_text _builder_version=&#8221;3.29.3&#8243; text_font=&#8221;Basic||||||||&#8221; text_text_color=&#8221;#000000&#8243; text_font_size=&#8221;25px&#8221; hover_enabled=&#8221;0&#8243; _i=&#8221;1&#8243; _address=&#8221;0.0.0.1&#8243; text_font_size_last_edited=&#8221;on|phone&#8221; text_font_size_phone=&#8221;15px&#8221;]<\/p>\n<p style=\"text-align: center;\">\u00c9lectricit\u00e9\u00a0 \u2022 D\u00e9pannages \u2022 Interphonie<\/p>\n<p>[\/et_pb_text][et_pb_text _builder_version=&#8221;3.29.3&#8243; text_font=&#8221;Basic||||||||&#8221; text_text_color=&#8221;#000000&#8243; _i=&#8221;2&#8243; _address=&#8221;0.0.0.2&#8243;]<\/p>\n<p style=\"text-align: center;\">\u00c9lectricien confirm\u00e9 disponible pour tous vos travaux d&#8217;\u00e9lectricit\u00e9 autour de Nancy.<\/p>\n<p>[\/et_pb_text][\/et_pb_column][\/et_pb_row][\/et_pb_section][et_pb_section fb_built=&#8221;1&#8243; _builder_version=&#8221;3.29.3&#8243; background_color=&#8221;#5fbbeb&#8221; custom_padding=&#8221;3px|||||&#8221; top_divider_style=&#8221;mountains&#8221; top_divider_color=&#8221;rgba(0,0,0,0)&#8221; top_divider_height=&#8221;184px&#8221; fb_built=&#8221;1&#8243; _i=&#8221;1&#8243; _address=&#8221;1&#8243;][et_pb_row _builder_version=&#8221;3.29.3&#8243; _i=&#8221;0&#8243; _address=&#8221;1.0&#8243;][et_pb_column type=&#8221;4_4&#8243; _builder_version=&#8221;3.29.3&#8243; _i=&#8221;0&#8243; _address=&#8221;1.0.0&#8243;][et_pb_text _builder_version=&#8221;3.29.3&#8243; text_font=&#8221;Chewy|800|||||||&#8221; text_text_color=&#8221;#FFFFFF&#8221; text_font_size=&#8221;60px&#8221; text_orientation=&#8221;center&#8221; link_option_url=&#8221;tel:+33678954521&#8243; hover_enabled=&#8221;0&#8243; text_text_shadow_style=&#8221;preset1&#8243; _i=&#8221;0&#8243; _address=&#8221;1.0.0.0&#8243; text_font_size_last_edited=&#8221;on|phone&#8221; text_font_size_tablet=&#8221;50px&#8221; text_font_size_phone=&#8221;35px&#8221;]<\/p>\n<p>06 78 95 45 21<\/p>\n<p>[\/et_pb_text][\/et_pb_column][\/et_pb_row][\/et_pb_section][et_pb_section fb_built=&#8221;1&#8243; prev_background_color=&#8221;#5fbbeb&#8221; _builder_version=&#8221;3.29.3&#8243; background_color=&#8221;#fcdd19&#8243; top_divider_style=&#8221;mountains&#8221; top_divider_flip=&#8221;horizontal&#8221; fb_built=&#8221;1&#8243; _i=&#8221;2&#8243; _address=&#8221;2&#8243;][et_pb_row _builder_version=&#8221;3.29.3&#8243; _i=&#8221;0&#8243; _address=&#8221;2.0&#8243;][et_pb_column type=&#8221;4_4&#8243; _builder_version=&#8221;3.29.3&#8243; _i=&#8221;0&#8243; _address=&#8221;2.0.0&#8243;][et_pb_text _builder_version=&#8221;3.29.3&#8243; text_font=&#8221;Basic||||||||&#8221; text_text_color=&#8221;#000000&#8243; _i=&#8221;0&#8243; _address=&#8221;2.0.0.0&#8243;]<\/p>\n<p style=\"text-align: center;\">Site en construction&#8230;<\/p>\n<p>[\/et_pb_text][\/et_pb_column][\/et_pb_row][\/et_pb_section]<\/p>\n","protected":false},"excerpt":{"rendered":"<p>[et_pb_section fb_built=&#8221;1&#8243; next_background_color=&#8221;#5fbbeb&#8221; admin_label=&#8221;section&#8221; _builder_version=&#8221;3.29.3&#8243; background_color=&#8221;#FFFFFF&#8221; bottom_divider_style=&#8221;mountains&#8221; fb_built=&#8221;1&#8243; _i=&#8221;0&#8243; _address=&#8221;0&#8243;][et_pb_row admin_label=&#8221;row&#8221; _builder_version=&#8221;3.29.3&#8243; background_size=&#8221;initial&#8221; background_position=&#8221;top_left&#8221; background_repeat=&#8221;repeat&#8221; module_alignment=&#8221;center&#8221; custom_padding=&#8221;4px||80px|||&#8221; _i=&#8221;0&#8243; _address=&#8221;0.0&#8243;][et_pb_column type=&#8221;4_4&#8243; _builder_version=&#8221;3.25&#8243; custom_padding=&#8221;|||&#8221; _i=&#8221;0&#8243; _address=&#8221;0.0.0&#8243; custom_padding__hover=&#8221;|||&#8221;][et_pb_image src=&#8221;http:\/\/electricien-nancy.fr\/wp-content\/uploads\/2022\/09\/electrique-services-electricien-nancy-logo.png&#8221; align=&#8221;center&#8221; _builder_version=&#8221;3.29.3&#8243; custom_margin=&#8221;-1px|||||&#8221; _i=&#8221;0&#8243; _address=&#8221;0.0.0.0&#8243;][\/et_pb_image][et_pb_text _builder_version=&#8221;3.29.3&#8243; text_font=&#8221;Basic||||||||&#8221; text_text_color=&#8221;#000000&#8243; text_font_size=&#8221;25px&#8221; hover_enabled=&#8221;0&#8243; _i=&#8221;1&#8243; _address=&#8221;0.0.0.1&#8243; text_font_size_last_edited=&#8221;on|phone&#8221; text_font_size_phone=&#8221;15px&#8221;] \u00c9lectricit\u00e9\u00a0 \u2022 D\u00e9pannages \u2022 Interphonie [\/et_pb_text][et_pb_text _builder_version=&#8221;3.29.3&#8243; text_font=&#8221;Basic||||||||&#8221; text_text_color=&#8221;#000000&#8243; _i=&#8221;2&#8243; _address=&#8221;0.0.0.2&#8243;] \u00c9lectricien confirm\u00e9 disponible pour [&hellip;]<\/p>\n","protected":false},"author":1,"featured_media":0,"parent":0,"menu_order":0,"comment_status":"closed","ping_status":"closed","template":"page-template-blank.php","meta":{"_et_pb_use_builder":"on","_et_pb_old_content":"","footnotes":""},"class_list":["post-10","page","type-page","status-publish","hentry"],"_links":{"self":[{"href":"https:\/\/electricien-nancy.fr\/index.php\/wp-json\/wp\/v2\/pages\/10","targetHints":{"allow":["GET"]}}],"collection":[{"href":"https:\/\/electricien-nancy.fr\/index.php\/wp-json\/wp\/v2\/pages"}],"about":[{"href":"https:\/\/electricien-nancy.fr\/index.php\/wp-json\/wp\/v2\/types\/page"}],"author":[{"embeddable":true,"href":"https:\/\/electricien-nancy.fr\/index.php\/wp-json\/wp\/v2\/users\/1"}],"replies":[{"embeddable":true,"href":"https:\/\/electricien-nancy.fr\/index.php\/wp-json\/wp\/v2\/comments?post=10"}],"version-history":[{"count":7,"href":"https:\/\/electricien-nancy.fr\/index.php\/wp-json\/wp\/v2\/pages\/10\/revisions"}],"predecessor-version":[{"id":22,"href":"https:\/\/electricien-nancy.fr\/index.php\/wp-json\/wp\/v2\/pages\/10\/revisions\/22"}],"wp:attachment":[{"href":"https:\/\/electricien-nancy.fr\/index.php\/wp-json\/wp\/v2\/media?parent=10"}],"curies":[{"name":"wp","href":"https:\/\/api.w.org\/{rel}","templated":true}]}}